{"id":112,"date":"2020-09-13T20:27:25","date_gmt":"2020-09-13T20:27:25","guid":{"rendered":"http:\/\/aieingenieria.com\/?page_id=112"},"modified":"2020-09-14T18:01:19","modified_gmt":"2020-09-14T18:01:19","slug":"empaquetadora-automatica-de-granos-envasadora-automatica-en-paraguay","status":"publish","type":"page","link":"https:\/\/aieingenieria.com\/index.php\/empaquetadora-automatica-de-granos-envasadora-automatica-en-paraguay\/","title":{"rendered":"Empaquetadora Autom\u00e1tica de Granos"},"content":{"rendered":"\t\t<div data-elementor-type=\"wp-page\" data-elementor-id=\"112\" class=\"elementor elementor-112\" data-elementor-settings=\"[]\">\n\t\t\t\t\t\t<div class=\"elementor-inner\">\n\t\t\t\t\t\t\t<div class=\"elementor-section-wrap\">\n\t\t\t\t\t\t\t<section class=\"elementor-section elementor-top-section elementor-element elementor-element-4c700f0d elementor-section-content-middle elementor-section-boxed elementor-section-height-default elementor-section-height-default\" data-id=\"4c700f0d\" data-element_type=\"section\" data-settings=\"{&quot;background_background&quot;:&quot;gradient&quot;}\">\n\t\t\t\t\t\t<div class=\"elementor-container elementor-column-gap-no\">\n\t\t\t\t\t\t\t<div class=\"elementor-row\">\n\t\t\t\t\t<div class=\"elementor-column elementor-col-100 elementor-top-column elementor-element elementor-element-5e1ffea0\" data-id=\"5e1ffea0\" data-element_type=\"column\">\n\t\t\t<div class=\"elementor-column-wrap elementor-element-populated\">\n\t\t\t\t\t\t\t<div class=\"elementor-widget-wrap\">\n\t\t\t\t\t\t<div class=\"elementor-element elementor-element-7d00e3e1 elementor-widget elementor-widget-heading\" data-id=\"7d00e3e1\" data-element_type=\"widget\" data-widget_type=\"heading.default\">\n\t\t\t\t<div class=\"elementor-widget-container\">\n\t\t\t<h4 class=\"elementor-heading-title elementor-size-default\">Empaquetadora de granos<\/h4>\t\t<\/div>\n\t\t\t\t<\/div>\n\t\t\t\t<div class=\"elementor-element elementor-element-3d9bbffe elementor-widget elementor-widget-heading\" data-id=\"3d9bbffe\" data-element_type=\"widget\" data-widget_type=\"heading.default\">\n\t\t\t\t<div class=\"elementor-widget-container\">\n\t\t\t<h5 class=\"elementor-heading-title elementor-size-default\">Take a peek inside our Wonderworld<\/h5>\t\t<\/div>\n\t\t\t\t<\/div>\n\t\t\t\t<div class=\"elementor-element elementor-element-7d07391e gallery-spacing-custom elementor-widget elementor-widget-image-gallery\" data-id=\"7d07391e\" data-element_type=\"widget\" data-widget_type=\"image-gallery.default\">\n\t\t\t\t<div class=\"elementor-widget-container\">\n\t\t\t\t\t<div class=\"elementor-image-gallery\">\n\t\t\t<div id='gallery-1' class='gallery galleryid-112 gallery-columns-3 gallery-size-full'><figure class='gallery-item'>\n\t\t\t<div class='gallery-icon landscape'>\n\t\t\t\t<a data-elementor-open-lightbox=\"yes\" data-elementor-lightbox-slideshow=\"7d07391e\" data-elementor-lightbox-title=\"dosificado\" href='https:\/\/aieingenieria.com\/wp-content\/uploads\/2020\/09\/dosificado-1.jpg'><img width=\"750\" height=\"750\" src=\"https:\/\/aieingenieria.com\/wp-content\/uploads\/2020\/09\/dosificado-1.jpg\" class=\"attachment-full size-full\" alt=\"\" loading=\"lazy\" srcset=\"https:\/\/aieingenieria.com\/wp-content\/uploads\/2020\/09\/dosificado-1.jpg 750w, https:\/\/aieingenieria.com\/wp-content\/uploads\/2020\/09\/dosificado-1-300x300.jpg 300w, https:\/\/aieingenieria.com\/wp-content\/uploads\/2020\/09\/dosificado-1-150x150.jpg 150w, https:\/\/aieingenieria.com\/wp-content\/uploads\/2020\/09\/dosificado-1-600x600.jpg 600w, https:\/\/aieingenieria.com\/wp-content\/uploads\/2020\/09\/dosificado-1-100x100.jpg 100w\" sizes=\"(max-width: 750px) 100vw, 750px\" \/><\/a>\n\t\t\t<\/div><\/figure><figure class='gallery-item'>\n\t\t\t<div class='gallery-icon landscape'>\n\t\t\t\t<a data-elementor-open-lightbox=\"yes\" data-elementor-lightbox-slideshow=\"7d07391e\" data-elementor-lightbox-title=\"muestras\" href='https:\/\/aieingenieria.com\/wp-content\/uploads\/2020\/09\/muestras-1.jpg'><img width=\"750\" height=\"750\" src=\"https:\/\/aieingenieria.com\/wp-content\/uploads\/2020\/09\/muestras-1.jpg\" class=\"attachment-full size-full\" alt=\"\" loading=\"lazy\" srcset=\"https:\/\/aieingenieria.com\/wp-content\/uploads\/2020\/09\/muestras-1.jpg 750w, https:\/\/aieingenieria.com\/wp-content\/uploads\/2020\/09\/muestras-1-300x300.jpg 300w, https:\/\/aieingenieria.com\/wp-content\/uploads\/2020\/09\/muestras-1-150x150.jpg 150w, https:\/\/aieingenieria.com\/wp-content\/uploads\/2020\/09\/muestras-1-600x600.jpg 600w, https:\/\/aieingenieria.com\/wp-content\/uploads\/2020\/09\/muestras-1-100x100.jpg 100w\" sizes=\"(max-width: 750px) 100vw, 750px\" \/><\/a>\n\t\t\t<\/div><\/figure><figure class='gallery-item'>\n\t\t\t<div class='gallery-icon landscape'>\n\t\t\t\t<a data-elementor-open-lightbox=\"yes\" data-elementor-lightbox-slideshow=\"7d07391e\" data-elementor-lightbox-title=\"empaquetadora de granos hasta 500gr\" href='https:\/\/aieingenieria.com\/wp-content\/uploads\/2020\/09\/empaquetadora-de-granos-hasta-500gr.jpg'><img width=\"987\" height=\"750\" src=\"https:\/\/aieingenieria.com\/wp-content\/uploads\/2020\/09\/empaquetadora-de-granos-hasta-500gr.jpg\" class=\"attachment-full size-full\" alt=\"\" loading=\"lazy\" srcset=\"https:\/\/aieingenieria.com\/wp-content\/uploads\/2020\/09\/empaquetadora-de-granos-hasta-500gr.jpg 987w, https:\/\/aieingenieria.com\/wp-content\/uploads\/2020\/09\/empaquetadora-de-granos-hasta-500gr-300x228.jpg 300w, https:\/\/aieingenieria.com\/wp-content\/uploads\/2020\/09\/empaquetadora-de-granos-hasta-500gr-768x584.jpg 768w, https:\/\/aieingenieria.com\/wp-content\/uploads\/2020\/09\/empaquetadora-de-granos-hasta-500gr-600x456.jpg 600w\" sizes=\"(max-width: 987px) 100vw, 987px\" \/><\/a>\n\t\t\t<\/div><\/figure>\n\t\t<\/div>\n\t\t<\/div>\n\t\t\t\t<\/div>\n\t\t\t\t<\/div>\n\t\t\t\t<div class=\"elementor-element elementor-element-72d676d elementor-aspect-ratio-169 elementor-widget elementor-widget-video\" data-id=\"72d676d\" data-element_type=\"widget\" data-settings=\"{&quot;youtube_url&quot;:&quot;https:\\\/\\\/www.youtube.com\\\/watch?v=UqtHAHueUOE&quot;,&quot;video_type&quot;:&quot;youtube&quot;,&quot;controls&quot;:&quot;yes&quot;,&quot;aspect_ratio&quot;:&quot;169&quot;}\" data-widget_type=\"video.default\">\n\t\t\t\t<div class=\"elementor-widget-container\">\n\t\t\t\t\t<div class=\"elementor-wrapper elementor-fit-aspect-ratio elementor-open-inline\">\n\t\t\t<div class=\"elementor-video\"><\/div>\t\t<\/div>\n\t\t\t\t<\/div>\n\t\t\t\t<\/div>\n\t\t\t\t\t\t<\/div>\n\t\t\t\t\t<\/div>\n\t\t<\/div>\n\t\t\t\t\t\t\t\t<\/div>\n\t\t\t\t\t<\/div>\n\t\t<\/section>\n\t\t\t\t<section class=\"elementor-section elementor-top-section elementor-element elementor-element-84b681c elementor-section-boxed elementor-section-height-default elementor-section-height-default\" data-id=\"84b681c\" data-element_type=\"section\">\n\t\t\t\t\t\t<div class=\"elementor-container elementor-column-gap-default\">\n\t\t\t\t\t\t\t<div class=\"elementor-row\">\n\t\t\t\t\t<div class=\"elementor-column elementor-col-100 elementor-top-column elementor-element elementor-element-6b69a2e\" data-id=\"6b69a2e\" data-element_type=\"column\">\n\t\t\t<div class=\"elementor-column-wrap elementor-element-populated\">\n\t\t\t\t\t\t\t<div class=\"elementor-widget-wrap\">\n\t\t\t\t\t\t<div class=\"elementor-element elementor-element-2e08d6f elementor-aspect-ratio-169 elementor-widget elementor-widget-video\" data-id=\"2e08d6f\" data-element_type=\"widget\" data-settings=\"{&quot;youtube_url&quot;:&quot;https:\\\/\\\/www.youtube.com\\\/watch?v=_ONdP5K-FVo&quot;,&quot;video_type&quot;:&quot;youtube&quot;,&quot;controls&quot;:&quot;yes&quot;,&quot;aspect_ratio&quot;:&quot;169&quot;}\" data-widget_type=\"video.default\">\n\t\t\t\t<div class=\"elementor-widget-container\">\n\t\t\t\t\t<div class=\"elementor-wrapper elementor-fit-aspect-ratio elementor-open-inline\">\n\t\t\t<div class=\"elementor-video\"><\/div>\t\t<\/div>\n\t\t\t\t<\/div>\n\t\t\t\t<\/div>\n\t\t\t\t\t\t<\/div>\n\t\t\t\t\t<\/div>\n\t\t<\/div>\n\t\t\t\t\t\t\t\t<\/div>\n\t\t\t\t\t<\/div>\n\t\t<\/section>\n\t\t\t\t\t\t<\/div>\n\t\t\t\t\t\t<\/div>\n\t\t\t\t\t<\/div>\n\t\t","protected":false},"excerpt":{"rendered":"<p>Empaquetadora de granos Take a peek inside our Wonderworld https:\/\/www.youtube.com\/watch?v=UqtHAHueUOEhttps:\/\/www.youtube.com\/watch?v=_ONdP5K-FVo<\/p>\n","protected":false},"author":1,"featured_media":0,"parent":0,"menu_order":0,"comment_status":"closed","ping_status":"closed","template":"","meta":[],"yoast_head":"<!-- This site is optimized with the Yoast SEO plugin v15.9 - https:\/\/yoast.com\/wordpress\/plugins\/seo\/ -->\n<title>Empaquetadora Autom\u00e1tica de Granos * AIE INGENIER\u00edA<\/title>\n<meta name=\"description\" content=\"Fabricaci\u00f3n y venta de envasadoras autom\u00e1ticas y semi autom\u00e1ticas. Repuestos y asistencia t\u00e9cnica garantizando su elecci\u00f3n\" \/>\n<meta name=\"robots\" content=\"index, follow, max-snippet:-1, max-image-preview:large, max-video-preview:-1\" \/>\n<link rel=\"canonical\" href=\"https:\/\/aieingenieria.com\/index.php\/empaquetadora-automatica-de-granos-envasadora-automatica-en-paraguay\/\" \/>\n<meta property=\"og:locale\" content=\"es_MX\" \/>\n<meta property=\"og:type\" content=\"article\" \/>\n<meta property=\"og:title\" content=\"Empaquetadora Autom\u00e1tica de Granos * AIE INGENIER\u00edA\" \/>\n<meta property=\"og:description\" content=\"Fabricaci\u00f3n y venta de envasadoras autom\u00e1ticas y semi autom\u00e1ticas. Repuestos y asistencia t\u00e9cnica garantizando su elecci\u00f3n\" \/>\n<meta property=\"og:url\" content=\"https:\/\/aieingenieria.com\/index.php\/empaquetadora-automatica-de-granos-envasadora-automatica-en-paraguay\/\" \/>\n<meta property=\"og:site_name\" content=\"AIE INGENIER\u00edA\" \/>\n<meta property=\"article:publisher\" content=\"https:\/\/www.facebook.com\/pages\/category\/Local-Service\/AIE-Ingenier%c3%ada-SRL-108818087628397\/\" \/>\n<meta property=\"article:modified_time\" content=\"2020-09-14T18:01:19+00:00\" \/>\n<meta property=\"og:image\" content=\"http:\/\/aieingenieria.com\/wp-content\/uploads\/2020\/09\/dosificado-1.jpg\" \/>\n<meta name=\"twitter:card\" content=\"summary_large_image\" \/>\n<script type=\"application\/ld+json\" class=\"yoast-schema-graph\">{\"@context\":\"https:\/\/schema.org\",\"@graph\":[{\"@type\":\"Organization\",\"@id\":\"http:\/\/aieingenieria.com\/#organization\",\"name\":\"AIE Ingenieria\",\"url\":\"http:\/\/aieingenieria.com\/\",\"sameAs\":[\"https:\/\/www.facebook.com\/pages\/category\/Local-Service\/AIE-Ingenier\\u00eda-SRL-108818087628397\/\",\"https:\/\/www.youtube.com\/channel\/UCoRjRDCVIhEockQwFg-p-6g\"],\"logo\":{\"@type\":\"ImageObject\",\"@id\":\"http:\/\/aieingenieria.com\/#logo\",\"inLanguage\":\"es-MX\",\"url\":\"https:\/\/aieingenieria.com\/wp-content\/uploads\/2020\/09\/logo-aie-1.png\",\"width\":455,\"height\":459,\"caption\":\"AIE Ingenieria\"},\"image\":{\"@id\":\"http:\/\/aieingenieria.com\/#logo\"}},{\"@type\":\"WebSite\",\"@id\":\"http:\/\/aieingenieria.com\/#website\",\"url\":\"http:\/\/aieingenieria.com\/\",\"name\":\"AIE INGENIER\\u00edA\",\"description\":\"Just another WordPress site\",\"publisher\":{\"@id\":\"http:\/\/aieingenieria.com\/#organization\"},\"potentialAction\":[{\"@type\":\"SearchAction\",\"target\":\"http:\/\/aieingenieria.com\/?s={search_term_string}\",\"query-input\":\"required name=search_term_string\"}],\"inLanguage\":\"es-MX\"},{\"@type\":\"ImageObject\",\"@id\":\"https:\/\/aieingenieria.com\/index.php\/empaquetadora-automatica-de-granos-envasadora-automatica-en-paraguay\/#primaryimage\",\"inLanguage\":\"es-MX\",\"url\":\"http:\/\/aieingenieria.com\/wp-content\/uploads\/2020\/09\/dosificado-1.jpg\"},{\"@type\":\"WebPage\",\"@id\":\"https:\/\/aieingenieria.com\/index.php\/empaquetadora-automatica-de-granos-envasadora-automatica-en-paraguay\/#webpage\",\"url\":\"https:\/\/aieingenieria.com\/index.php\/empaquetadora-automatica-de-granos-envasadora-automatica-en-paraguay\/\",\"name\":\"Empaquetadora Autom\\u00e1tica de Granos * AIE INGENIER\\u00edA\",\"isPartOf\":{\"@id\":\"http:\/\/aieingenieria.com\/#website\"},\"primaryImageOfPage\":{\"@id\":\"https:\/\/aieingenieria.com\/index.php\/empaquetadora-automatica-de-granos-envasadora-automatica-en-paraguay\/#primaryimage\"},\"datePublished\":\"2020-09-13T20:27:25+00:00\",\"dateModified\":\"2020-09-14T18:01:19+00:00\",\"description\":\"Fabricaci\\u00f3n y venta de envasadoras autom\\u00e1ticas y semi autom\\u00e1ticas. Repuestos y asistencia t\\u00e9cnica garantizando su elecci\\u00f3n\",\"breadcrumb\":{\"@id\":\"https:\/\/aieingenieria.com\/index.php\/empaquetadora-automatica-de-granos-envasadora-automatica-en-paraguay\/#breadcrumb\"},\"inLanguage\":\"es-MX\",\"potentialAction\":[{\"@type\":\"ReadAction\",\"target\":[\"https:\/\/aieingenieria.com\/index.php\/empaquetadora-automatica-de-granos-envasadora-automatica-en-paraguay\/\"]}]},{\"@type\":\"BreadcrumbList\",\"@id\":\"https:\/\/aieingenieria.com\/index.php\/empaquetadora-automatica-de-granos-envasadora-automatica-en-paraguay\/#breadcrumb\",\"itemListElement\":[{\"@type\":\"ListItem\",\"position\":1,\"item\":{\"@type\":\"WebPage\",\"@id\":\"https:\/\/aieingenieria.com\/\",\"url\":\"https:\/\/aieingenieria.com\/\",\"name\":\"Inicio\"}},{\"@type\":\"ListItem\",\"position\":2,\"item\":{\"@type\":\"WebPage\",\"@id\":\"https:\/\/aieingenieria.com\/index.php\/empaquetadora-automatica-de-granos-envasadora-automatica-en-paraguay\/\",\"url\":\"https:\/\/aieingenieria.com\/index.php\/empaquetadora-automatica-de-granos-envasadora-automatica-en-paraguay\/\",\"name\":\"Empaquetadora Autom\\u00e1tica de Granos\"}}]}]}<\/script>\n<!-- \/ Yoast SEO plugin. -->","_links":{"self":[{"href":"https:\/\/aieingenieria.com\/index.php\/wp-json\/wp\/v2\/pages\/112"}],"collection":[{"href":"https:\/\/aieingenieria.com\/index.php\/wp-json\/wp\/v2\/pages"}],"about":[{"href":"https:\/\/aieingenieria.com\/index.php\/wp-json\/wp\/v2\/types\/page"}],"author":[{"embeddable":true,"href":"https:\/\/aieingenieria.com\/index.php\/wp-json\/wp\/v2\/users\/1"}],"replies":[{"embeddable":true,"href":"https:\/\/aieingenieria.com\/index.php\/wp-json\/wp\/v2\/comments?post=112"}],"version-history":[{"count":8,"href":"https:\/\/aieingenieria.com\/index.php\/wp-json\/wp\/v2\/pages\/112\/revisions"}],"predecessor-version":[{"id":194,"href":"https:\/\/aieingenieria.com\/index.php\/wp-json\/wp\/v2\/pages\/112\/revisions\/194"}],"wp:attachment":[{"href":"https:\/\/aieingenieria.com\/index.php\/wp-json\/wp\/v2\/media?parent=112"}],"curies":[{"name":"wp","href":"https:\/\/api.w.org\/{rel}","templated":true}]}}